{"id":229,"date":"2022-03-02T10:59:02","date_gmt":"2022-03-02T09:59:02","guid":{"rendered":"https:\/\/www.leopardi.vr.it\/en\/privacy-police-2\/"},"modified":"2022-03-02T10:59:02","modified_gmt":"2022-03-02T09:59:02","slug":"privacy-police-2","status":"publish","type":"page","link":"https:\/\/www.leopardi.vr.it\/en\/privacy-police-2\/","title":{"rendered":"Privacy Police"},"content":{"rendered":"\t\t<div data-elementor-type=\"wp-page\" data-elementor-id=\"229\" class=\"elementor elementor-229\" data-elementor-post-type=\"page\">\n\t\t\t\t\t\t<section class=\"elementor-section elementor-top-section elementor-element elementor-element-73321a6f elementor-section-boxed elementor-section-height-default elementor-section-height-default\" data-id=\"73321a6f\" data-element_type=\"section\" data-e-type=\"section\" data-settings=\"{&quot;background_background&quot;:&quot;classic&quot;}\">\n\t\t\t\t\t\t<div class=\"elementor-container elementor-column-gap-default\">\n\t\t\t\t\t<div class=\"elementor-column elementor-col-100 elementor-top-column elementor-element elementor-element-5735daf3\" data-id=\"5735daf3\" data-element_type=\"column\" data-e-type=\"column\">\n\t\t\t<div class=\"elementor-widget-wrap\">\n\t\t\t\t\t\t\t<\/div>\n\t\t<\/div>\n\t\t\t\t\t<\/div>\n\t\t<\/section>\n\t\t\t\t<section class=\"elementor-section elementor-top-section elementor-element elementor-element-4da86374 elementor-section-boxed elementor-section-height-default elementor-section-height-default\" data-id=\"4da86374\" data-element_type=\"section\" data-e-type=\"section\">\n\t\t\t\t\t\t<div class=\"elementor-container elementor-column-gap-default\">\n\t\t\t\t\t<div class=\"elementor-column elementor-col-100 elementor-top-column elementor-element elementor-element-1f5c7e9c\" data-id=\"1f5c7e9c\" data-element_type=\"column\" data-e-type=\"column\">\n\t\t\t<div class=\"elementor-widget-wrap elementor-element-populated\">\n\t\t\t\t\t\t<div class=\"elementor-element elementor-element-58a8b41f elementor-widget elementor-widget-text-editor\" data-id=\"58a8b41f\" data-element_type=\"widget\" data-e-type=\"widget\" data-widget_type=\"text-editor.default\">\n\t\t\t\t<div class=\"elementor-widget-container\">\n\t\t\t\t\t\t\t\t\t<p>\u00a0<\/p><h1>Privacy Policy<\/h1><div id=\"content-editor\"><p>In questa pagina si descrivono le modalit\u00e0 di gestione del sito <a href=\"http:\/\/www.leopardi.vr.it\/\">www.leopardi.vr.it<\/a> in riferimento al trattamento dei dati personali degli utenti che lo consultano.<\/p><p>Si tratta di un&#8217;informativa che \u00e8 resa ai sensi dell&#8217;<strong>art.13 del d.lgs. n. 196\/2003 &#8211; Codice in materia di protezione dei dati personali &#8211;<\/strong> e in conformit\u00e0 a quanto previsto dal <strong>Regolamento Europeo (UE) 2016\/679 del 27\/04\/2016<\/strong>,-\u00a0a coloro che interagiscono con i servizi web di <strong>LEOPARDI SMS S.R.L. &#8211; P.IVA: IT03215230230<\/strong> , accessibili per via telematica a partire dall&#8217;indirizzo:<\/p><p><strong><a href=\"http:\/\/www.leopardi.vr.it\/\">http:\/\/www.leopardi.vr.it<\/a><\/strong><\/p><p>corrispondente alla pagina iniziale del sito ufficiale della societ\u00e0\u00a0Leopardi SMS\u00a0S.r.l..<\/p><p>L&#8217;informativa \u00e8 resa solo per il sito di <a href=\"http:\/\/www.leopardi.vr.it\/index.cfm\/it\/\">Leopardi SMS S.r.l.<\/a> e non anche per altri siti web eventualmente consultati dall&#8217;utente tramite link.<\/p><p>\u00a0<\/p><p><strong>Il &#8220;Titolare&#8221; del trattamento<\/strong><br \/>A seguito della consultazione di questo sito possono essere trattati dati relativi a persone identificate o identificabili.<\/p><p>Il &#8220;titolare&#8221; del loro trattamento \u00e8\u00a0<a href=\"http:\/\/www.leopardi.vr.it\/index.cfm\/it\/\">Leopardi SMS s.r.l<\/a>.,\u00a0che ha sede in\u00a0Via Leopardi, 16 37138 VERONA (ITALIA)<\/p><p>\u00a0<\/p><p><strong>Luogo di trattamento dei dati<\/strong><br \/>I trattamenti connessi ai servizi web di questo sito hanno luogo presso la predetta sede di\u00a0<a href=\"http:\/\/www.leopardi.vr.it\/index.cfm\/it\/\">Leopardi SMS S.r.l.<\/a> e sono curati solo da personale tecnico dell\u2019Ufficio incaricato del trattamento, oppure da eventuali incaricati interni di occasionali operazioni di manutenzione.<\/p><p>Nessun dato derivante dal servizio web viene comunicato o diffuso, se non per operazioni strettamente legate all&#8217;oggetto della richiesta dell&#8217;utente.<\/p><p>I dati personali forniti dagli utenti che inoltrano richieste di invio di materiale informativo (contratti, schede commerciali, informazioni in generale, Cd-rom, newsletter, risposte a quesiti, ecc.) sono utilizzati al solo fine di eseguire il servizio o la prestazione richiesta e sono comunicati a terzi nel caso in cui ci\u00f2 sia a tal fine necessario (servizio di spedizione di materiale informativo, registrazione di nomi a dominio, ecc&#8230;), ovvero sia utile per il soddisfacimento delle esigenze dell&#8217;utente stesso.<\/p><p>\u00a0<\/p><p><strong>Tipi di dati trattati<\/strong><\/p><p>\u00a0<\/p><p><strong>A. Dati di navigazione<\/strong><br \/>I sistemi informatici e le procedure software preposte al funzionamento di questo sito web acquisiscono, nel corso del loro normale esercizio, alcuni dati personali la cui trasmissione \u00e8 implicita nell\u2019uso dei protocolli di comunicazione di Internet.<\/p><p>Si tratta di informazioni che non sono raccolte per essere associate a interessati identificati, ma che per loro stessa natura potrebbero, attraverso elaborazioni ed associazioni con dati detenuti da terzi, permettere di identificare gli utenti.<\/p><p>In questa categoria di dati rientrano gli indirizzi IP o i nomi a dominio dei computer utilizzati dagli utenti che si connettono al sito, gli indirizzi in notazione URI (Uniform Resource Identifier) delle risorse richieste, l\u2019orario della richiesta, il metodo utilizzato nel sottoporre la richiesta al server, la dimensione del file ottenuto in risposta, il codice numerico indicante lo stato della risposta data dal server (buon fine, errore, ecc.) ed altri parametri relativi al sistema operativo e all\u2019ambiente informatico dell\u2019utente.<\/p><p>Questi dati vengono utilizzati al solo fine di ricavare informazioni statistiche anonime sull\u2019uso del sito e per controllarne il corretto funzionamento e vengono conservati per il tempo necessario secondo quanto indicato dalla Legge. I dati potrebbero essere utilizzati per l\u2019accertamento di responsabilit\u00e0 in caso di ipotetici reati informatici ai danni del sito.<\/p><p>\u00a0<\/p><p><strong>B. Dati forniti volontariamente dall\u2019utente<br \/><br \/><\/strong>L\u2019invio facoltativo, esplicito e volontario di posta elettronica agli indirizzi indicati su questo sito o la compilazione di form presenti sul sito, comportano la successiva acquisizione dell\u2019indirizzo del mittente, necessario per rispondere alle richieste, nonch\u00e9 degli eventuali altri dati personali inseriti nella missiva, o nel form. Ispirandosi al principio di \u201cnecessit\u00e0\u201d (art. 3 del Codice) la raccolta dei dati \u00e8 ridotta al minimo necessario per l\u2019espletamento delle richieste.\u00a0Specifiche informative di sintesi verranno progressivamente riportate o visualizzate nelle pagine del sito predisposte per particolari servizi a richiesta<\/p><p>\u00a0<\/p><p><strong>C. Cookies<\/strong><\/p><p>Per tutto quanto riguarda i cookies del sito internet a cui si riferisce la presente privacy policy\u00a0si rimanda all&#8217;informativa estesa presente al seguente indirizzo:\u00a0<strong><a href=\"http:\/\/www.wintrade.it\/CFIDE\/scripts\/WinTrade\/html\/cookie\/wtcookie_profilation_it.cfm\" target=\"_blank\" rel=\"noopener\">http:\/\/www.wintrade.it\/CFIDE\/scripts\/WinTrade\/html\/cookie\/wtcookie_profilation_it.cfm<\/a><\/strong>.<\/p><p>\u00a0<\/p><p><strong>Facoltativit\u00e0 del conferimento dei dati<\/strong><br \/>A parte quanto specificato per i dati di navigazione, l\u2019utente \u00e8 libero di fornire i dati personali riportati nei moduli di richiesta presenti nel sito o comunque indicati in contatti con l&#8217;Ufficio per sollecitare l\u2019invio di materiale informativo o di altre comunicazioni.<\/p><p>Il loro mancato conferimento pu\u00f2 comportare l\u2019impossibilit\u00e0 di ottenere quanto richiesto.<\/p><p>Per completezza va ricordato che in alcuni casi (non oggetto dell\u2019ordinaria gestione di questo sito) l\u2019Autorit\u00e0 pu\u00f2 richiedere notizie e informazioni ai sensi dell&#8217;art.157 del D.\u00e7gs n.196\/2003, ai fini del controllo sul trattamento dei dati personali. In questi casi la risposta \u00e8 obbligatoria a pena di sanzione amministrativa.<\/p><p>\u00a0<\/p><p><strong>Modalit\u00e0 del trattamento<\/strong><br \/>I dati personali sono trattati con strumenti automatizzati per il tempo strettamente necessario a conseguire gli scopi per cui sono stati raccolti.<\/p><p>Specifiche misure di sicurezza sono osservate per prevenire la perdita dei dati, usi illeciti o non corretti ed accessi non autorizzati.<\/p><p>\u00a0<\/p><p><strong>Durata del trattamento<\/strong><\/p><p>I dati personali vengono conservati per il periodo necessario all&#8217;espletamento di quanto richiesto<\/p><p><strong>Diritti degli interessati<\/strong><br \/>I soggetti cui si riferiscono i dati personali hanno il diritto in qualunque momento di ottenere la conferma dell\u2019esistenza o meno dei medesimi dati e di conoscerne il contenuto e l\u2019origine, verificarne l\u2019esattezza o chiederne l\u2019integrazione o l\u2019aggiornamento, oppure la rettificazione (art. 7 del d.lgs. n. 196\/2003).<\/p><p>Ai sensi del medesimo articolo si ha il diritto di chiedere la cancellazione, la trasformazione in forma anonima o il blocco dei dati trattati in violazione di legge, nonch\u00e9 di opporsi in ogni caso, per motivi legittimi, al loro trattamento.<\/p><p>Le richieste vanno rivolte a\u00a0<\/p><a href=\"http:\/\/www.leopardi.vr.it\/index.cfm\/it\/\">Leopardi SMS s.r.l.<\/a><p>\u00a0<\/p><p><strong>Precisazioni<\/strong><br \/>Si precisa che il presente documento, pubblicato all\u2019indirizzo<\/p><p><a href=\"http:\/\/www.leopardi.vr.it\/index.cfm\/it\/privacy-policy\/\">http:\/\/www.leopardi.vr.it\/index.cfm\/it\/privacy-policy\/<\/a><\/p><p>costituisce la &#8220;Privacy Policy&#8221; di questo sito che sar\u00e0 soggetta ad aggiornamenti.<\/p><p>\u00a0<\/p><p>data ultimo aggirnamento 18 maggio 2018<\/p><\/div>\t\t\t\t\t\t\t\t<\/div>\n\t\t\t\t<\/div>\n\t\t\t\t\t<\/div>\n\t\t<\/div>\n\t\t\t\t\t<\/div>\n\t\t<\/section>\n\t\t\t\t<\/div>\n\t\t","protected":false},"excerpt":{"rendered":"<p>\u00a0 Privacy Policy In questa pagina si descrivono le modalit\u00e0 di gestione del sito www.leopardi.vr.it in riferimento al trattamento dei dati personali degli utenti che lo consultano. Si tratta di un&#8217;informativa che \u00e8 resa ai sensi dell&#8217;art.13 del d.lgs. n. 196\/2003 &#8211; Codice in materia di protezione dei dati personali &#8211; e in conformit\u00e0 a [&hellip;]<\/p>\n","protected":false},"author":1,"featured_media":0,"parent":0,"menu_order":0,"comment_status":"closed","ping_status":"closed","template":"","meta":{"footnotes":""},"class_list":["post-229","page","type-page","status-publish","hentry"],"_links":{"self":[{"href":"https:\/\/www.leopardi.vr.it\/en\/wp-json\/wp\/v2\/pages\/229","targetHints":{"allow":["GET"]}}],"collection":[{"href":"https:\/\/www.leopardi.vr.it\/en\/wp-json\/wp\/v2\/pages"}],"about":[{"href":"https:\/\/www.leopardi.vr.it\/en\/wp-json\/wp\/v2\/types\/page"}],"author":[{"embeddable":true,"href":"https:\/\/www.leopardi.vr.it\/en\/wp-json\/wp\/v2\/users\/1"}],"replies":[{"embeddable":true,"href":"https:\/\/www.leopardi.vr.it\/en\/wp-json\/wp\/v2\/comments?post=229"}],"version-history":[{"count":0,"href":"https:\/\/www.leopardi.vr.it\/en\/wp-json\/wp\/v2\/pages\/229\/revisions"}],"wp:attachment":[{"href":"https:\/\/www.leopardi.vr.it\/en\/wp-json\/wp\/v2\/media?parent=229"}],"curies":[{"name":"wp","href":"https:\/\/api.w.org\/{rel}","templated":true}]}}