{"id":242,"date":"2022-03-02T11:13:09","date_gmt":"2022-03-02T10:13:09","guid":{"rendered":"https:\/\/www.leopardi.vr.it\/de\/centro-benessere-2\/"},"modified":"2023-12-21T16:52:40","modified_gmt":"2023-12-21T15:52:40","slug":"centro-benessere-intilia-verona","status":"publish","type":"page","link":"https:\/\/www.leopardi.vr.it\/de\/centro-benessere-intilia-verona\/","title":{"rendered":"Wellness"},"content":{"rendered":"\t\t<div data-elementor-type=\"wp-page\" data-elementor-id=\"242\" class=\"elementor elementor-242\" data-elementor-post-type=\"page\">\n\t\t\t\t\t\t<section class=\"elementor-section elementor-top-section elementor-element elementor-element-351ee5e0 elementor-section-boxed elementor-section-height-default elementor-section-height-default\" data-id=\"351ee5e0\" data-element_type=\"section\" data-e-type=\"section\" data-settings=\"{&quot;background_background&quot;:&quot;classic&quot;}\">\n\t\t\t\t\t\t<div class=\"elementor-container elementor-column-gap-default\">\n\t\t\t\t\t<div class=\"elementor-column elementor-col-100 elementor-top-column elementor-element elementor-element-a6872fe\" data-id=\"a6872fe\" data-element_type=\"column\" data-e-type=\"column\">\n\t\t\t<div class=\"elementor-widget-wrap\">\n\t\t\t\t\t\t\t<\/div>\n\t\t<\/div>\n\t\t\t\t\t<\/div>\n\t\t<\/section>\n\t\t\t\t<section class=\"elementor-section elementor-top-section elementor-element elementor-element-780e3692 elementor-section-boxed elementor-section-height-default elementor-section-height-default\" data-id=\"780e3692\" data-element_type=\"section\" data-e-type=\"section\">\n\t\t\t\t\t\t<div class=\"elementor-container elementor-column-gap-default\">\n\t\t\t\t\t<div class=\"elementor-column elementor-col-50 elementor-top-column elementor-element elementor-element-2ffb9b79\" data-id=\"2ffb9b79\" data-element_type=\"column\" data-e-type=\"column\">\n\t\t\t<div class=\"elementor-widget-wrap elementor-element-populated\">\n\t\t\t\t\t\t<div class=\"elementor-element elementor-element-79d1a13e elementor-widget elementor-widget-heading\" data-id=\"79d1a13e\" data-element_type=\"widget\" data-e-type=\"widget\" data-widget_type=\"heading.default\">\n\t\t\t\t<div class=\"elementor-widget-container\">\n\t\t\t\t\t<h2 class=\"elementor-heading-title elementor-size-default\">Wellness Intilia<\/h2>\t\t\t\t<\/div>\n\t\t\t\t<\/div>\n\t\t\t\t<div class=\"elementor-element elementor-element-7ac4d837 elementor-widget elementor-widget-heading\" data-id=\"7ac4d837\" data-element_type=\"widget\" data-e-type=\"widget\" data-widget_type=\"heading.default\">\n\t\t\t\t<div class=\"elementor-widget-container\">\n\t\t\t\t\t<p class=\"elementor-heading-title elementor-size-default\"><b>Exklusives Wohlbefinden<\/b><br>\nVerschenken Sie Wellness an andere und an sich selbst\n\nM\u00f6chten Sie einen Moment des absoluten Relax in Gesellschaft Ihres Partners oder Ihrer Freunde genie\u00dfen, bietet Intilia die einzigartige M\u00f6glichkeit, das vollst\u00e4ndige Wellness-Center ganz f\u00fcr Sie allein zu buchen.\nSo k\u00f6nnen Sie alle Service-Leistungen, Sauna, t\u00fcrkisches Dampfbad, Erlebnis-Duschen, Hydromassage-Wanne, Eis-Wasserfall, Relax-Bereich und Kr\u00e4uterteebar ungest\u00f6rt und ganz privat nutzen.\nUnsere Wellness-Assistentin steht Ihnen auf diskrete Weise zur Verf\u00fcgung und hilft Ihnen dabei, das Wellness-Center sachgerecht und vorteilhaft  zu nutzen.\n\nIntilia kann f\u00fcr bis zu acht Personen f\u00fcr eine Periode von 2 Stunden gebucht werden.<\/p>\t\t\t\t<\/div>\n\t\t\t\t<\/div>\n\t\t\t\t\t<\/div>\n\t\t<\/div>\n\t\t\t\t<div class=\"elementor-column elementor-col-50 elementor-top-column elementor-element elementor-element-dd50430\" data-id=\"dd50430\" data-element_type=\"column\" data-e-type=\"column\">\n\t\t\t<div class=\"elementor-widget-wrap elementor-element-populated\">\n\t\t\t\t\t\t<div class=\"elementor-element elementor-element-4eb72fed elementor-arrows-position-inside elementor-widget elementor-widget-image-carousel\" data-id=\"4eb72fed\" data-element_type=\"widget\" data-e-type=\"widget\" data-settings=\"{&quot;slides_to_show&quot;:&quot;1&quot;,&quot;navigation&quot;:&quot;arrows&quot;,&quot;autoplay&quot;:&quot;no&quot;,&quot;infinite&quot;:&quot;yes&quot;,&quot;effect&quot;:&quot;slide&quot;,&quot;speed&quot;:500}\" data-widget_type=\"image-carousel.default\">\n\t\t\t\t<div class=\"elementor-widget-container\">\n\t\t\t\t\t\t\t<div class=\"elementor-image-carousel-wrapper swiper\" role=\"region\" aria-roledescription=\"carousel\" aria-label=\"Bild Karussell\" dir=\"ltr\">\n\t\t\t<div class=\"elementor-image-carousel swiper-wrapper\" aria-live=\"polite\">\n\t\t\t\t\t\t\t\t<div class=\"swiper-slide\" role=\"group\" aria-roledescription=\"slide\" aria-label=\"1 von 3\"><figure class=\"swiper-slide-inner\"><img decoding=\"async\" class=\"swiper-slide-image\" src=\"https:\/\/www.leopardi.vr.it\/de\/wp-content\/uploads\/sites\/6\/2022\/03\/CENTRO-BENESSERE-1.jpg\" alt=\"CENTRO-BENESSERE-1.jpg\" \/><\/figure><\/div><div class=\"swiper-slide\" role=\"group\" aria-roledescription=\"slide\" aria-label=\"2 von 3\"><figure class=\"swiper-slide-inner\"><img decoding=\"async\" class=\"swiper-slide-image\" src=\"https:\/\/www.leopardi.vr.it\/de\/wp-content\/uploads\/sites\/6\/2022\/03\/CENTRO-BENESSERE-9.jpg\" alt=\"CENTRO-BENESSERE-9.jpg\" \/><\/figure><\/div><div class=\"swiper-slide\" role=\"group\" aria-roledescription=\"slide\" aria-label=\"3 von 3\"><figure class=\"swiper-slide-inner\"><img decoding=\"async\" class=\"swiper-slide-image\" src=\"https:\/\/www.leopardi.vr.it\/de\/wp-content\/uploads\/sites\/6\/2022\/03\/CENTRO-BENESSERE-4-1.jpg\" alt=\"CENTRO-BENESSERE-4.jpg\" \/><\/figure><\/div>\t\t\t<\/div>\n\t\t\t\t\t\t\t\t\t\t\t\t<div class=\"elementor-swiper-button elementor-swiper-button-prev\" role=\"button\" tabindex=\"0\">\n\t\t\t\t\t\t<i aria-hidden=\"true\" class=\"eicon-chevron-left\"><\/i>\t\t\t\t\t<\/div>\n\t\t\t\t\t<div class=\"elementor-swiper-button elementor-swiper-button-next\" role=\"button\" tabindex=\"0\">\n\t\t\t\t\t\t<i aria-hidden=\"true\" class=\"eicon-chevron-right\"><\/i>\t\t\t\t\t<\/div>\n\t\t\t\t\n\t\t\t\t\t\t\t\t\t<\/div>\n\t\t\t\t\t\t<\/div>\n\t\t\t\t<\/div>\n\t\t\t\t\t<\/div>\n\t\t<\/div>\n\t\t\t\t\t<\/div>\n\t\t<\/section>\n\t\t\t\t<section class=\"elementor-section elementor-top-section elementor-element elementor-element-31872eee elementor-section-boxed elementor-section-height-default elementor-section-height-default\" data-id=\"31872eee\" data-element_type=\"section\" data-e-type=\"section\">\n\t\t\t\t\t\t<div class=\"elementor-container elementor-column-gap-default\">\n\t\t\t\t\t<div class=\"elementor-column elementor-col-100 elementor-top-column elementor-element elementor-element-403c32ea\" data-id=\"403c32ea\" data-element_type=\"column\" data-e-type=\"column\">\n\t\t\t<div class=\"elementor-widget-wrap elementor-element-populated\">\n\t\t\t\t\t\t<div class=\"elementor-element elementor-element-44755259 elementor-align-center elementor-widget elementor-widget-button\" data-id=\"44755259\" data-element_type=\"widget\" data-e-type=\"widget\" data-widget_type=\"button.default\">\n\t\t\t\t<div class=\"elementor-widget-container\">\n\t\t\t\t\t\t\t\t\t<div class=\"elementor-button-wrapper\">\n\t\t\t\t\t<a class=\"elementor-button elementor-button-link elementor-size-lg\" href=\"https:\/\/leopardi.vr.it\/de\/centro-benessere-intilia-verona\/private-spa\">\n\t\t\t\t\t\t<span class=\"elementor-button-content-wrapper\">\n\t\t\t\t\t\t\t\t\t<span class=\"elementor-button-text\">MASSAGEN UND \u00c4STHETISCHE BEHANDLUNGEN<\/span>\n\t\t\t\t\t<\/span>\n\t\t\t\t\t<\/a>\n\t\t\t\t<\/div>\n\t\t\t\t\t\t\t\t<\/div>\n\t\t\t\t<\/div>\n\t\t\t\t<div class=\"elementor-element elementor-element-1ea22c83 elementor-widget elementor-widget-text-editor\" data-id=\"1ea22c83\" data-element_type=\"widget\" data-e-type=\"widget\" data-widget_type=\"text-editor.default\">\n\t\t\t\t<div class=\"elementor-widget-container\">\n\t\t\t\t\t\t\t\t\t<p>Das Wellnesscenter Intilia ist f\u00fcr die \u00d6ffentlichkeit und alle G\u00e4ste des Hotel Leopardi Verona wie folgt zug\u00e4nglich:<\/p><p>Um eine personalisierte Nutzung in Bezug auf die Gr\u00f6\u00dfe und die Besonderheiten des Verona Wellness Centers zu gew\u00e4hrleisten, wird eine Reservierung empfohlen. Der Eintritt wird nach Zeitfenstern bezahlt und verwaltet.\u00a0<\/p><p><b>Fahrpl\u00e4ne<\/b><br \/>Feste Zeiten: Montag bis einschlie\u00dflich Sonntag Bitte wenden Sie sich an die Einrichtung, um Informationen \u00fcber den Zugang zu erhalten.<\/p><p><b>Dienstleistungen<\/b><br \/>Das Wellnesscenter Verona umfasst eine finnische Sauna, ein t\u00fcrkisches Bad, emotionale Duschen, eine Whirlpool-Badewanne, einen Ruhebereich und eine Kr\u00e4uterteestube. Benutzung von Umkleidekabinen, Handt\u00fcchern, Bademantel, Hausschuhen.<\/p><p><b>Politik<\/b><br \/>Minderj\u00e4hrigen unter 18 Jahren ist der Zutritt auch in Begleitung verboten. Es ist obligatorisch, die Verordnung zu lesen und zu unterschreiben &#8211; Die Verwendung eines Badeanzugs ist obligatorisch.\u00a0Der Zugang setzt die Akzeptanz und Einhaltung unserer REGELN voraus.<\/p><p><b>Kosten<\/b><br \/>Unsere professionellen Kosmetikerinnen sorgen daf\u00fcr, dass Sie in unserer Struktur in einer intimen und exklusiven Umgebung Momente der Ruhe verbringen, die es Ihnen erm\u00f6glichen, Ihre k\u00f6rperlichen und geistigen Energien wiederzugewinnen und den Stress des Alltags zu vergessen.\u00a0<\/p><p><b>Fitnessstudio<br \/><\/b>Der Fitnessraum des Wellnesscenters Intilia steht den Hotelg\u00e4sten kostenlos und ohne Reservierung zur Verf\u00fcgung. Wir erinnern Sie daran, dass der Zugang zum Wellness- und Sch\u00f6nheitsbehandlungsbereich kostenpflichtig und nach vorheriger Reservierung m\u00f6glich ist.<\/p>\t\t\t\t\t\t\t\t<\/div>\n\t\t\t\t<\/div>\n\t\t\t\t\t<\/div>\n\t\t<\/div>\n\t\t\t\t\t<\/div>\n\t\t<\/section>\n\t\t\t\t<section class=\"elementor-section elementor-top-section elementor-element elementor-element-19799878 elementor-section-full_width elementor-section-height-default elementor-section-height-default\" data-id=\"19799878\" data-element_type=\"section\" data-e-type=\"section\">\n\t\t\t\t\t\t<div class=\"elementor-container elementor-column-gap-default\">\n\t\t\t\t\t<div class=\"elementor-column elementor-col-100 elementor-top-column elementor-element elementor-element-647f69a4\" data-id=\"647f69a4\" data-element_type=\"column\" data-e-type=\"column\">\n\t\t\t<div class=\"elementor-widget-wrap elementor-element-populated\">\n\t\t\t\t\t\t<div class=\"elementor-element elementor-element-4af26a51 elementor-arrows-position-inside elementor-widget elementor-widget-image-carousel\" data-id=\"4af26a51\" data-element_type=\"widget\" data-e-type=\"widget\" data-settings=\"{&quot;slides_to_show&quot;:&quot;3&quot;,&quot;navigation&quot;:&quot;arrows&quot;,&quot;autoplay&quot;:&quot;no&quot;,&quot;image_spacing_custom&quot;:{&quot;unit&quot;:&quot;px&quot;,&quot;size&quot;:30,&quot;sizes&quot;:[]},&quot;slides_to_show_tablet&quot;:&quot;2&quot;,&quot;infinite&quot;:&quot;yes&quot;,&quot;speed&quot;:500,&quot;image_spacing_custom_tablet&quot;:{&quot;unit&quot;:&quot;px&quot;,&quot;size&quot;:&quot;&quot;,&quot;sizes&quot;:[]},&quot;image_spacing_custom_mobile&quot;:{&quot;unit&quot;:&quot;px&quot;,&quot;size&quot;:&quot;&quot;,&quot;sizes&quot;:[]}}\" data-widget_type=\"image-carousel.default\">\n\t\t\t\t<div class=\"elementor-widget-container\">\n\t\t\t\t\t\t\t<div class=\"elementor-image-carousel-wrapper swiper\" role=\"region\" aria-roledescription=\"carousel\" aria-label=\"Bild Karussell\" dir=\"ltr\">\n\t\t\t<div class=\"elementor-image-carousel swiper-wrapper swiper-image-stretch\" aria-live=\"polite\">\n\t\t\t\t\t\t\t\t<div class=\"swiper-slide\" role=\"group\" aria-roledescription=\"slide\" aria-label=\"1 von 4\"><figure class=\"swiper-slide-inner\"><img decoding=\"async\" class=\"swiper-slide-image\" src=\"https:\/\/www.leopardi.vr.it\/de\/wp-content\/uploads\/sites\/6\/2022\/03\/CENTRO-BENESSERE-9.jpg\" alt=\"CENTRO-BENESSERE-9.jpg\" \/><\/figure><\/div><div class=\"swiper-slide\" role=\"group\" aria-roledescription=\"slide\" aria-label=\"2 von 4\"><figure class=\"swiper-slide-inner\"><img decoding=\"async\" class=\"swiper-slide-image\" src=\"https:\/\/www.leopardi.vr.it\/de\/wp-content\/uploads\/sites\/6\/2022\/03\/CENTRO-BENESSERE-4-1.jpg\" alt=\"CENTRO-BENESSERE-4.jpg\" \/><\/figure><\/div><div class=\"swiper-slide\" role=\"group\" aria-roledescription=\"slide\" aria-label=\"3 von 4\"><figure class=\"swiper-slide-inner\"><img decoding=\"async\" class=\"swiper-slide-image\" src=\"https:\/\/www.leopardi.vr.it\/de\/wp-content\/uploads\/sites\/6\/2022\/03\/CENTRO-BENESSERE-1.jpg\" alt=\"CENTRO-BENESSERE-1.jpg\" \/><\/figure><\/div><div class=\"swiper-slide\" role=\"group\" aria-roledescription=\"slide\" aria-label=\"4 von 4\"><figure class=\"swiper-slide-inner\"><img decoding=\"async\" class=\"swiper-slide-image\" src=\"https:\/\/www.leopardi.vr.it\/de\/wp-content\/uploads\/sites\/6\/2022\/03\/Palestra1-1.jpg\" alt=\"Palestra1.jpg\" \/><\/figure><\/div>\t\t\t<\/div>\n\t\t\t\t\t\t\t\t\t\t\t\t<div class=\"elementor-swiper-button elementor-swiper-button-prev\" role=\"button\" tabindex=\"0\">\n\t\t\t\t\t\t<i aria-hidden=\"true\" class=\"eicon-chevron-left\"><\/i>\t\t\t\t\t<\/div>\n\t\t\t\t\t<div class=\"elementor-swiper-button elementor-swiper-button-next\" role=\"button\" tabindex=\"0\">\n\t\t\t\t\t\t<i aria-hidden=\"true\" class=\"eicon-chevron-right\"><\/i>\t\t\t\t\t<\/div>\n\t\t\t\t\n\t\t\t\t\t\t\t\t\t<\/div>\n\t\t\t\t\t\t<\/div>\n\t\t\t\t<\/div>\n\t\t\t\t\t<\/div>\n\t\t<\/div>\n\t\t\t\t\t<\/div>\n\t\t<\/section>\n\t\t\t\t<section class=\"elementor-section elementor-top-section elementor-element elementor-element-09e6770 elementor-section-boxed elementor-section-height-default elementor-section-height-default\" data-id=\"09e6770\" data-element_type=\"section\" data-e-type=\"section\">\n\t\t\t\t\t\t<div class=\"elementor-container elementor-column-gap-default\">\n\t\t\t\t\t<div class=\"elementor-column elementor-col-100 elementor-top-column elementor-element elementor-element-d15ade6\" data-id=\"d15ade6\" data-element_type=\"column\" data-e-type=\"column\">\n\t\t\t<div class=\"elementor-widget-wrap elementor-element-populated\">\n\t\t\t\t\t\t<div class=\"elementor-element elementor-element-42744b5 elementor-widget elementor-widget-heading\" data-id=\"42744b5\" data-element_type=\"widget\" data-e-type=\"widget\" data-widget_type=\"heading.default\">\n\t\t\t\t<div class=\"elementor-widget-container\">\n\t\t\t\t\t<h2 class=\"elementor-heading-title elementor-size-default\">WELLNESS-CENTER-REGELUNG<br>\n<u>Achtung: Mit der Eingabe wird die folgende Regel akzeptiert<\/u><br><\/h2>\t\t\t\t<\/div>\n\t\t\t\t<\/div>\n\t\t\t\t<div class=\"elementor-element elementor-element-f988ddc elementor-widget elementor-widget-text-editor\" data-id=\"f988ddc\" data-element_type=\"widget\" data-e-type=\"widget\" data-widget_type=\"text-editor.default\">\n\t\t\t\t<div class=\"elementor-widget-container\">\n\t\t\t\t\t\t\t\t\t<p><b>ALLGEMEINE ASPEKTE:<\/b><\/p><p><span style=\"font-size: 1rem;\">Das Reglement ist f\u00fcr alle Kunden des Wellnesscenters Intilia verbindlich. Jeder Kunde verpflichtet sich, dieses Reglement sowie die zur Gew\u00e4hrleistung der Sicherheit der Verwaltung und der \u00f6ffentlichen Ordnung aufgestellten Regeln zu beachten. Sie sind verpflichtet, die angebotenen Dienstleistungen und Ger\u00e4te sorgf\u00e4ltig zu nutzen; bei unsachgem\u00e4\u00dfer Nutzung, Verschmutzung oder schuldhafter Besch\u00e4digung haften Sie f\u00fcr den entstandenen Schaden.\u00a0<\/span><span style=\"font-size: 1rem;\">Das Rauchen ist in der gesamten Einrichtung verboten. Das Betreten und der Verzehr von Speisen und Getr\u00e4nken ist verboten, es sei denn, sie befinden sich bereits im Wellness-Center.\u00a0<\/span><span style=\"font-size: 1rem;\">Der Verzehr von Speisen und Getr\u00e4nken ist nur in den reservierten Bereichen erlaubt. Jeder Gast hat sich so zu verhalten, dass er die Anwesenden nicht st\u00f6rt. Jede Aktivit\u00e4t, die die Sicherheit und Ruhe der G\u00e4ste beeintr\u00e4chtigen k\u00f6nnte, ist verboten. Die G\u00e4ste m\u00fcssen sich in den daf\u00fcr vorgesehenen Umkleider\u00e4umen umziehen. Kleidung und pers\u00f6nliche Gegenst\u00e4nde m\u00fcssen in den Schlie\u00dff\u00e4chern eingeschlossen werden. Das Personal achtet auf die Einhaltung dieser Vorschriften. Besucher, die dagegen versto\u00dfen und die Ruhe und Ordnung nicht respektieren, k\u00f6nnen verwarnt oder in schwerwiegenden F\u00e4llen weggewiesen werden. In solchen F\u00e4llen wird der Eintritt nicht zur\u00fcckerstattet. Tiere d\u00fcrfen nicht mitgenommen werden und die Benutzung von Mobiltelefonen ist verboten. DAS TRAGEN VON BADEKLEIDUNG IST OBLIGATORISCH. Der Zutritt f\u00fcr Kinder unter 18 Jahren ist verboten.<\/span><\/p><p><b>VERANTWORTUNG:<\/b><\/p><p><span style=\"font-size: 1rem;\">Tragen Sie beim Entspannen keinen Schmuck, keine Armb\u00e4nder oder andere Metallgegenst\u00e4nde. Die Einrichtung haftet nicht f\u00fcr Zerst\u00f6rung, Besch\u00e4digung, Diebstahl oder Verlust von pers\u00f6nlichen Gegenst\u00e4nden, Wertgegenst\u00e4nden oder Bargeld, wenn diese unbeaufsichtigt bleiben. Bei gesundheitlichen Problemen empfehlen wir Ihnen, vor dem Betreten der Einrichtung einen Arzt zu konsultieren und die Leiterin des Zentrums zu informieren, wenn Sie schwanger sind.\u00a0<\/span><\/p><p><span style=\"font-size: 1rem;\">Wir danken Ihnen f\u00fcr Ihre Aufmerksamkeit und w\u00fcnschen Ihnen einen angenehmen Aufenthalt.\u00a0<\/span><\/p><p>DIE ANFAHRT.<\/p>\t\t\t\t\t\t\t\t<\/div>\n\t\t\t\t<\/div>\n\t\t\t\t\t<\/div>\n\t\t<\/div>\n\t\t\t\t\t<\/div>\n\t\t<\/section>\n\t\t\t\t<\/div>\n\t\t","protected":false},"excerpt":{"rendered":"<p>Wellness Intilia Exklusives Wohlbefinden Verschenken Sie Wellness an andere und an sich selbst M\u00f6chten Sie einen Moment des absoluten Relax in Gesellschaft Ihres Partners oder Ihrer Freunde genie\u00dfen, bietet Intilia die einzigartige M\u00f6glichkeit, das vollst\u00e4ndige Wellness-Center ganz f\u00fcr Sie allein zu buchen. So k\u00f6nnen Sie alle Service-Leistungen, Sauna, t\u00fcrkisches Dampfbad, Erlebnis-Duschen, Hydromassage-Wanne, Eis-Wasserfall, Relax-Bereich und [&hellip;]<\/p>\n","protected":false},"author":1,"featured_media":0,"parent":0,"menu_order":0,"comment_status":"closed","ping_status":"closed","template":"","meta":{"footnotes":""},"class_list":["post-242","page","type-page","status-publish","hentry"],"_links":{"self":[{"href":"https:\/\/www.leopardi.vr.it\/de\/wp-json\/wp\/v2\/pages\/242","targetHints":{"allow":["GET"]}}],"collection":[{"href":"https:\/\/www.leopardi.vr.it\/de\/wp-json\/wp\/v2\/pages"}],"about":[{"href":"https:\/\/www.leopardi.vr.it\/de\/wp-json\/wp\/v2\/types\/page"}],"author":[{"embeddable":true,"href":"https:\/\/www.leopardi.vr.it\/de\/wp-json\/wp\/v2\/users\/1"}],"replies":[{"embeddable":true,"href":"https:\/\/www.leopardi.vr.it\/de\/wp-json\/wp\/v2\/comments?post=242"}],"version-history":[{"count":0,"href":"https:\/\/www.leopardi.vr.it\/de\/wp-json\/wp\/v2\/pages\/242\/revisions"}],"wp:attachment":[{"href":"https:\/\/www.leopardi.vr.it\/de\/wp-json\/wp\/v2\/media?parent=242"}],"curies":[{"name":"wp","href":"https:\/\/api.w.org\/{rel}","templated":true}]}}