{"id":232,"date":"2022-03-02T11:13:09","date_gmt":"2022-03-02T10:13:09","guid":{"rendered":"https:\/\/www.leopardi.vr.it\/de\/about-us\/"},"modified":"2022-04-06T15:36:55","modified_gmt":"2022-04-06T13:36:55","slug":"austattung","status":"publish","type":"page","link":"https:\/\/www.leopardi.vr.it\/de\/austattung\/","title":{"rendered":"Austattung"},"content":{"rendered":"\t\t<div data-elementor-type=\"wp-page\" data-elementor-id=\"232\" class=\"elementor elementor-232\" data-elementor-post-type=\"page\">\n\t\t\t\t\t\t<section class=\"elementor-section elementor-top-section elementor-element elementor-element-14d62e98 elementor-section-boxed elementor-section-height-default elementor-section-height-default\" data-id=\"14d62e98\" data-element_type=\"section\" data-e-type=\"section\" data-settings=\"{&quot;background_background&quot;:&quot;classic&quot;}\">\n\t\t\t\t\t\t<div class=\"elementor-container elementor-column-gap-default\">\n\t\t\t\t\t<div class=\"elementor-column elementor-col-100 elementor-top-column elementor-element elementor-element-4af5978f\" data-id=\"4af5978f\" data-element_type=\"column\" data-e-type=\"column\">\n\t\t\t<div class=\"elementor-widget-wrap\">\n\t\t\t\t\t\t\t<\/div>\n\t\t<\/div>\n\t\t\t\t\t<\/div>\n\t\t<\/section>\n\t\t\t\t<section class=\"elementor-section elementor-top-section elementor-element elementor-element-16562964 elementor-section-boxed elementor-section-height-default elementor-section-height-default\" data-id=\"16562964\" data-element_type=\"section\" data-e-type=\"section\">\n\t\t\t\t\t\t<div class=\"elementor-container elementor-column-gap-default\">\n\t\t\t\t\t<div class=\"elementor-column elementor-col-100 elementor-top-column elementor-element elementor-element-5a3c8122\" data-id=\"5a3c8122\" data-element_type=\"column\" data-e-type=\"column\">\n\t\t\t<div class=\"elementor-widget-wrap elementor-element-populated\">\n\t\t\t\t\t\t<div class=\"elementor-element elementor-element-436b6b3f elementor-widget elementor-widget-spacer\" data-id=\"436b6b3f\" data-element_type=\"widget\" data-e-type=\"widget\" data-widget_type=\"spacer.default\">\n\t\t\t\t<div class=\"elementor-widget-container\">\n\t\t\t\t\t\t\t<div class=\"elementor-spacer\">\n\t\t\t<div class=\"elementor-spacer-inner\"><\/div>\n\t\t<\/div>\n\t\t\t\t\t\t<\/div>\n\t\t\t\t<\/div>\n\t\t\t\t<div class=\"elementor-element elementor-element-1b670a69 elementor-widget elementor-widget-spacer\" data-id=\"1b670a69\" data-element_type=\"widget\" data-e-type=\"widget\" data-widget_type=\"spacer.default\">\n\t\t\t\t<div class=\"elementor-widget-container\">\n\t\t\t\t\t\t\t<div class=\"elementor-spacer\">\n\t\t\t<div class=\"elementor-spacer-inner\"><\/div>\n\t\t<\/div>\n\t\t\t\t\t\t<\/div>\n\t\t\t\t<\/div>\n\t\t\t\t<div class=\"elementor-element elementor-element-5f671cd3 elementor-widget elementor-widget-heading\" data-id=\"5f671cd3\" data-element_type=\"widget\" data-e-type=\"widget\" data-widget_type=\"heading.default\">\n\t\t\t\t<div class=\"elementor-widget-container\">\n\t\t\t\t\t<h2 class=\"elementor-heading-title elementor-size-default\">Dr\u00fccken<\/h2>\t\t\t\t<\/div>\n\t\t\t\t<\/div>\n\t\t\t\t<div class=\"elementor-element elementor-element-4a3c52fb elementor-widget elementor-widget-text-editor\" data-id=\"4a3c52fb\" data-element_type=\"widget\" data-e-type=\"widget\" data-widget_type=\"text-editor.default\">\n\t\t\t\t<div class=\"elementor-widget-container\">\n\t\t\t\t\t\t\t\t\t<p>Das Leopardi Hotel ist ein \u00e4u\u00dferst komplettes 4-Sterne-Hotel in Bezug auf Dienstleistungen:- 81 Zimmer verschiedener Typen<br \/>&#8211; Restaurant f\u00fcr die \u00d6ffentlichkeit zug\u00e4nglich: La Ginestra<br \/>&#8211; \u00f6ffentlich zug\u00e4ngliches Wellnesszentrum: Intilia<br \/>&#8211; Tagungs- und Besprechungsr\u00e4ume f\u00fcr bis zu 150 Personen<br \/>&#8211; privater interner Parkplatz<br \/>&#8211; private interne Garage<br \/>Dazu grosse Gemeinschaftsr\u00e4ume, in denen Sie einen Empfang f\u00fcr Meetings, Kaffeepausen, Ap\u00e9ros und Events einrichten k\u00f6nnen.<\/p><p>Das Rauchen ist im gesamten Hotel, einschlie\u00dflich der Zimmer, verboten.<\/p>\t\t\t\t\t\t\t\t<\/div>\n\t\t\t\t<\/div>\n\t\t\t\t<div class=\"elementor-element elementor-element-26f845d9 elementor-widget elementor-widget-spacer\" data-id=\"26f845d9\" data-element_type=\"widget\" data-e-type=\"widget\" data-widget_type=\"spacer.default\">\n\t\t\t\t<div class=\"elementor-widget-container\">\n\t\t\t\t\t\t\t<div class=\"elementor-spacer\">\n\t\t\t<div class=\"elementor-spacer-inner\"><\/div>\n\t\t<\/div>\n\t\t\t\t\t\t<\/div>\n\t\t\t\t<\/div>\n\t\t\t\t\t<\/div>\n\t\t<\/div>\n\t\t\t\t\t<\/div>\n\t\t<\/section>\n\t\t\t\t<section class=\"elementor-section elementor-top-section elementor-element elementor-element-181fa520 elementor-section-boxed elementor-section-height-default elementor-section-height-default\" data-id=\"181fa520\" data-element_type=\"section\" data-e-type=\"section\">\n\t\t\t\t\t\t<div class=\"elementor-container elementor-column-gap-default\">\n\t\t\t\t\t<div class=\"elementor-column elementor-col-100 elementor-top-column elementor-element elementor-element-603768f3\" data-id=\"603768f3\" data-element_type=\"column\" data-e-type=\"column\">\n\t\t\t<div class=\"elementor-widget-wrap elementor-element-populated\">\n\t\t\t\t\t\t<div class=\"elementor-element elementor-element-253f424e elementor-widget elementor-widget-spacer\" data-id=\"253f424e\" data-element_type=\"widget\" data-e-type=\"widget\" data-widget_type=\"spacer.default\">\n\t\t\t\t<div class=\"elementor-widget-container\">\n\t\t\t\t\t\t\t<div class=\"elementor-spacer\">\n\t\t\t<div class=\"elementor-spacer-inner\"><\/div>\n\t\t<\/div>\n\t\t\t\t\t\t<\/div>\n\t\t\t\t<\/div>\n\t\t\t\t\t<\/div>\n\t\t<\/div>\n\t\t\t\t\t<\/div>\n\t\t<\/section>\n\t\t\t\t<section class=\"elementor-section elementor-top-section elementor-element elementor-element-3c06d4e elementor-section-boxed elementor-section-height-default elementor-section-height-default\" data-id=\"3c06d4e\" data-element_type=\"section\" data-e-type=\"section\">\n\t\t\t\t\t\t<div class=\"elementor-container elementor-column-gap-default\">\n\t\t\t\t\t<div class=\"elementor-column elementor-col-100 elementor-top-column elementor-element elementor-element-1356ea3\" data-id=\"1356ea3\" data-element_type=\"column\" data-e-type=\"column\">\n\t\t\t<div class=\"elementor-widget-wrap elementor-element-populated\">\n\t\t\t\t\t\t<div class=\"elementor-element elementor-element-eef2f0a elementor--h-position-center elementor--v-position-middle elementor-arrows-position-inside elementor-pagination-position-inside elementor-widget elementor-widget-slides\" data-id=\"eef2f0a\" data-element_type=\"widget\" data-e-type=\"widget\" data-settings=\"{&quot;navigation&quot;:&quot;both&quot;,&quot;autoplay&quot;:&quot;yes&quot;,&quot;pause_on_hover&quot;:&quot;yes&quot;,&quot;pause_on_interaction&quot;:&quot;yes&quot;,&quot;autoplay_speed&quot;:5000,&quot;infinite&quot;:&quot;yes&quot;,&quot;transition&quot;:&quot;slide&quot;,&quot;transition_speed&quot;:500}\" data-widget_type=\"slides.default\">\n\t\t\t\t<div class=\"elementor-widget-container\">\n\t\t\t\t\t\t\t\t\t<div class=\"elementor-swiper\">\n\t\t\t\t\t<div class=\"elementor-slides-wrapper elementor-main-swiper swiper\" role=\"region\" aria-roledescription=\"carousel\" aria-label=\"Slider\" dir=\"ltr\" data-animation=\"fadeInUp\">\n\t\t\t\t<div class=\"swiper-wrapper elementor-slides\">\n\t\t\t\t\t\t\t\t\t\t<div class=\"elementor-repeater-item-9321365 swiper-slide\" role=\"group\" aria-roledescription=\"slide\"><div class=\"swiper-slide-bg\" role=\"img\" aria-label=\"CENTRO-BENESSERE-1.jpg\"><\/div><a class=\"swiper-slide-inner\" href=\"https:\/\/leopardi.vr.it\/centro-benessere\/\"><div class=\"swiper-slide-contents\"><div class=\"elementor-slide-heading\">Wellness<\/div><div class=\"elementor-slide-description\">Intilia<\/div><div  class=\"elementor-button elementor-slide-button elementor-size-sm\">Dr\u00fccken<\/div><\/div><\/a><\/div><div class=\"elementor-repeater-item-2d3a9a7 swiper-slide\" role=\"group\" aria-roledescription=\"slide\"><div class=\"swiper-slide-bg\" role=\"img\" aria-label=\"Leopardi_Verona046-scaled.jpg\"><\/div><a class=\"swiper-slide-inner\" href=\"https:\/\/leopardi.vr.it\/ristorante\/\"><div class=\"swiper-slide-contents\"><div class=\"elementor-slide-heading\">Restaurant<\/div><div class=\"elementor-slide-description\">La Ginestra<\/div><div  class=\"elementor-button elementor-slide-button elementor-size-sm\">Dr\u00fccken<\/div><\/div><\/a><\/div><div class=\"elementor-repeater-item-039bb30 swiper-slide\" role=\"group\" aria-roledescription=\"slide\"><div class=\"swiper-slide-bg\" role=\"img\" aria-label=\"SALA-RIUNIONI-4.jpg\"><\/div><a class=\"swiper-slide-inner\" href=\"https:\/\/leopardi.vr.it\/centro-congressi\/\"><div class=\"swiper-slide-contents\"><div class=\"elementor-slide-heading\">Meeting Rooms<\/div><div class=\"elementor-slide-description\">Sala leopardi - Sala Manzoni ... <\/div><div  class=\"elementor-button elementor-slide-button elementor-size-sm\">Dr\u00fccken<\/div><\/div><\/a><\/div><div class=\"elementor-repeater-item-b5133f4 swiper-slide\" role=\"group\" aria-roledescription=\"slide\"><div class=\"swiper-slide-bg\" role=\"img\" aria-label=\"Senza-titolo-scaled.jpg\"><\/div><a class=\"swiper-slide-inner\" href=\"https:\/\/leopardi.vr.it\/pet-friendly\/\"><div class=\"swiper-slide-contents\"><div class=\"elementor-slide-heading\">Pet Friendly<\/div><div class=\"elementor-slide-description\">IHRE HAUSTIERE SIND WILLKOMMEN!<\/div><div  class=\"elementor-button elementor-slide-button elementor-size-sm\">Dr\u00fccken<\/div><\/div><\/a><\/div>\t\t\t\t<\/div>\n\t\t\t\t\t\t\t\t\t\t\t\t\t\t\t<div class=\"elementor-swiper-button elementor-swiper-button-prev\" role=\"button\" tabindex=\"0\" aria-label=\"Vorheriger Slide\">\n\t\t\t\t\t\t\t<i aria-hidden=\"true\" class=\"eicon-chevron-left\"><\/i>\t\t\t\t\t\t<\/div>\n\t\t\t\t\t\t<div class=\"elementor-swiper-button elementor-swiper-button-next\" role=\"button\" tabindex=\"0\" aria-label=\"N\u00e4chster Slide\">\n\t\t\t\t\t\t\t<i aria-hidden=\"true\" class=\"eicon-chevron-right\"><\/i>\t\t\t\t\t\t<\/div>\n\t\t\t\t\t\t\t\t\t\t\t\t\t\t\t\t<div class=\"swiper-pagination\"><\/div>\n\t\t\t\t\t\t\t\t\t\t\t\t<\/div>\n\t\t\t\t<\/div>\n\t\t\t\t\t\t\t\t<\/div>\n\t\t\t\t<\/div>\n\t\t\t\t\t<\/div>\n\t\t<\/div>\n\t\t\t\t\t<\/div>\n\t\t<\/section>\n\t\t\t\t<\/div>\n\t\t","protected":false},"excerpt":{"rendered":"<p>Dr\u00fccken Das Leopardi Hotel ist ein \u00e4u\u00dferst komplettes 4-Sterne-Hotel in Bezug auf Dienstleistungen:- 81 Zimmer verschiedener Typen&#8211; Restaurant f\u00fcr die \u00d6ffentlichkeit zug\u00e4nglich: La Ginestra&#8211; \u00f6ffentlich zug\u00e4ngliches Wellnesszentrum: Intilia&#8211; Tagungs- und Besprechungsr\u00e4ume f\u00fcr bis zu 150 Personen&#8211; privater interner Parkplatz&#8211; private interne GarageDazu grosse Gemeinschaftsr\u00e4ume, in denen Sie einen Empfang f\u00fcr Meetings, Kaffeepausen, Ap\u00e9ros und Events [&hellip;]<\/p>\n","protected":false},"author":1,"featured_media":0,"parent":0,"menu_order":0,"comment_status":"closed","ping_status":"closed","template":"elementor_header_footer","meta":{"footnotes":""},"class_list":["post-232","page","type-page","status-publish","hentry"],"_links":{"self":[{"href":"https:\/\/www.leopardi.vr.it\/de\/wp-json\/wp\/v2\/pages\/232","targetHints":{"allow":["GET"]}}],"collection":[{"href":"https:\/\/www.leopardi.vr.it\/de\/wp-json\/wp\/v2\/pages"}],"about":[{"href":"https:\/\/www.leopardi.vr.it\/de\/wp-json\/wp\/v2\/types\/page"}],"author":[{"embeddable":true,"href":"https:\/\/www.leopardi.vr.it\/de\/wp-json\/wp\/v2\/users\/1"}],"replies":[{"embeddable":true,"href":"https:\/\/www.leopardi.vr.it\/de\/wp-json\/wp\/v2\/comments?post=232"}],"version-history":[{"count":0,"href":"https:\/\/www.leopardi.vr.it\/de\/wp-json\/wp\/v2\/pages\/232\/revisions"}],"wp:attachment":[{"href":"https:\/\/www.leopardi.vr.it\/de\/wp-json\/wp\/v2\/media?parent=232"}],"curies":[{"name":"wp","href":"https:\/\/api.w.org\/{rel}","templated":true}]}}