{"id":204,"date":"2022-03-02T11:13:06","date_gmt":"2022-03-02T10:13:06","guid":{"rendered":"https:\/\/www.leopardi.vr.it\/de\/mas-2\/"},"modified":"2025-02-18T15:07:12","modified_gmt":"2025-02-18T14:07:12","slug":"private-spa","status":"publish","type":"page","link":"https:\/\/www.leopardi.vr.it\/de\/centro-benessere-intilia-verona\/private-spa\/","title":{"rendered":"Mas"},"content":{"rendered":"\t\t<div data-elementor-type=\"wp-page\" data-elementor-id=\"204\" class=\"elementor elementor-204\" data-elementor-post-type=\"page\">\n\t\t\t\t\t\t<section class=\"elementor-section elementor-top-section elementor-element elementor-element-40edfab elementor-section-boxed elementor-section-height-default elementor-section-height-default\" data-id=\"40edfab\" data-element_type=\"section\" data-e-type=\"section\" data-settings=\"{&quot;background_background&quot;:&quot;classic&quot;}\">\n\t\t\t\t\t\t<div class=\"elementor-container elementor-column-gap-default\">\n\t\t\t\t\t<div class=\"elementor-column elementor-col-100 elementor-top-column elementor-element elementor-element-49c5a726\" data-id=\"49c5a726\" data-element_type=\"column\" data-e-type=\"column\">\n\t\t\t<div class=\"elementor-widget-wrap\">\n\t\t\t\t\t\t\t<\/div>\n\t\t<\/div>\n\t\t\t\t\t<\/div>\n\t\t<\/section>\n\t\t\t\t<section class=\"elementor-section elementor-top-section elementor-element elementor-element-2c5eb8f elementor-section-boxed elementor-section-height-default elementor-section-height-default\" data-id=\"2c5eb8f\" data-element_type=\"section\" data-e-type=\"section\">\n\t\t\t\t\t\t<div class=\"elementor-container elementor-column-gap-default\">\n\t\t\t\t\t<div class=\"elementor-column elementor-col-50 elementor-top-column elementor-element elementor-element-9846456\" data-id=\"9846456\" data-element_type=\"column\" data-e-type=\"column\">\n\t\t\t<div class=\"elementor-widget-wrap elementor-element-populated\">\n\t\t\t\t\t\t<div class=\"elementor-element elementor-element-ecbe4d0 elementor-widget elementor-widget-heading\" data-id=\"ecbe4d0\" data-element_type=\"widget\" data-e-type=\"widget\" data-widget_type=\"heading.default\">\n\t\t\t\t<div class=\"elementor-widget-container\">\n\t\t\t\t\t<h2 class=\"elementor-heading-title elementor-size-default\">Wellness Intilia<\/h2>\t\t\t\t<\/div>\n\t\t\t\t<\/div>\n\t\t\t\t<div class=\"elementor-element elementor-element-45be43d elementor-widget elementor-widget-heading\" data-id=\"45be43d\" data-element_type=\"widget\" data-e-type=\"widget\" data-widget_type=\"heading.default\">\n\t\t\t\t<div class=\"elementor-widget-container\">\n\t\t\t\t\t<p class=\"elementor-heading-title elementor-size-default\">E<b>xklusives Wohlbefinden<\/b><br>\nVerschenken Sie Wellness an andere und an sich selbst\n\nM\u00f6chten Sie einen Moment des absoluten Relax in Gesellschaft Ihres Partners oder Ihrer Freunde genie\u00dfen, bietet Intilia die einzigartige M\u00f6glichkeit, das vollst\u00e4ndige Wellness-Center ganz f\u00fcr Sie allein zu buchen.\nSo k\u00f6nnen Sie alle Service-Leistungen, Sauna, t\u00fcrkisches Dampfbad, Erlebnis-Duschen, Hydromassage-Wanne, Eis-Wasserfall, Relax-Bereich und Kr\u00e4uterteebar ungest\u00f6rt und ganz privat nutzen.\nUnsere Wellness-Assistentin steht Ihnen auf diskrete Weise zur Verf\u00fcgung und hilft Ihnen dabei, das Wellness-Center sachgerecht und vorteilhaft  zu nutzen.\n\nIntilia kann f\u00fcr bis zu acht Personen f\u00fcr eine Periode von 2 Stunden gebucht werden.<\/p>\t\t\t\t<\/div>\n\t\t\t\t<\/div>\n\t\t\t\t\t<\/div>\n\t\t<\/div>\n\t\t\t\t<div class=\"elementor-column elementor-col-50 elementor-top-column elementor-element elementor-element-121c929\" data-id=\"121c929\" data-element_type=\"column\" data-e-type=\"column\">\n\t\t\t<div class=\"elementor-widget-wrap elementor-element-populated\">\n\t\t\t\t\t\t<div class=\"elementor-element elementor-element-ceb78d2 elementor-arrows-position-inside elementor-widget elementor-widget-image-carousel\" data-id=\"ceb78d2\" data-element_type=\"widget\" data-e-type=\"widget\" data-settings=\"{&quot;slides_to_show&quot;:&quot;1&quot;,&quot;navigation&quot;:&quot;arrows&quot;,&quot;autoplay&quot;:&quot;no&quot;,&quot;infinite&quot;:&quot;yes&quot;,&quot;effect&quot;:&quot;slide&quot;,&quot;speed&quot;:500}\" data-widget_type=\"image-carousel.default\">\n\t\t\t\t<div class=\"elementor-widget-container\">\n\t\t\t\t\t\t\t<div class=\"elementor-image-carousel-wrapper swiper\" role=\"region\" aria-roledescription=\"carousel\" aria-label=\"Bild Karussell\" dir=\"ltr\">\n\t\t\t<div class=\"elementor-image-carousel swiper-wrapper\" aria-live=\"polite\">\n\t\t\t\t\t\t\t\t<div class=\"swiper-slide\" role=\"group\" aria-roledescription=\"slide\" aria-label=\"1 von 3\"><figure class=\"swiper-slide-inner\"><img decoding=\"async\" class=\"swiper-slide-image\" src=\"https:\/\/www.leopardi.vr.it\/de\/wp-content\/uploads\/sites\/6\/2022\/03\/CENTRO-BENESSERE-1.jpg\" alt=\"CENTRO-BENESSERE-1.jpg\" \/><\/figure><\/div><div class=\"swiper-slide\" role=\"group\" aria-roledescription=\"slide\" aria-label=\"2 von 3\"><figure class=\"swiper-slide-inner\"><img decoding=\"async\" class=\"swiper-slide-image\" src=\"https:\/\/www.leopardi.vr.it\/de\/wp-content\/uploads\/sites\/6\/2022\/03\/CENTRO-BENESSERE-9.jpg\" alt=\"CENTRO-BENESSERE-9.jpg\" \/><\/figure><\/div><div class=\"swiper-slide\" role=\"group\" aria-roledescription=\"slide\" aria-label=\"3 von 3\"><figure class=\"swiper-slide-inner\"><img decoding=\"async\" class=\"swiper-slide-image\" src=\"https:\/\/www.leopardi.vr.it\/de\/wp-content\/uploads\/sites\/6\/2022\/03\/CENTRO-BENESSERE-4-1.jpg\" alt=\"CENTRO-BENESSERE-4.jpg\" \/><\/figure><\/div>\t\t\t<\/div>\n\t\t\t\t\t\t\t\t\t\t\t\t<div class=\"elementor-swiper-button elementor-swiper-button-prev\" role=\"button\" tabindex=\"0\">\n\t\t\t\t\t\t<i aria-hidden=\"true\" class=\"eicon-chevron-left\"><\/i>\t\t\t\t\t<\/div>\n\t\t\t\t\t<div class=\"elementor-swiper-button elementor-swiper-button-next\" role=\"button\" tabindex=\"0\">\n\t\t\t\t\t\t<i aria-hidden=\"true\" class=\"eicon-chevron-right\"><\/i>\t\t\t\t\t<\/div>\n\t\t\t\t\n\t\t\t\t\t\t\t\t\t<\/div>\n\t\t\t\t\t\t<\/div>\n\t\t\t\t<\/div>\n\t\t\t\t\t<\/div>\n\t\t<\/div>\n\t\t\t\t\t<\/div>\n\t\t<\/section>\n\t\t\t\t<section class=\"elementor-section elementor-top-section elementor-element elementor-element-ed05db3 elementor-section-boxed elementor-section-height-default elementor-section-height-default\" data-id=\"ed05db3\" data-element_type=\"section\" data-e-type=\"section\">\n\t\t\t\t\t\t<div class=\"elementor-container elementor-column-gap-default\">\n\t\t\t\t\t<div class=\"elementor-column elementor-col-100 elementor-top-column elementor-element elementor-element-3b246371\" data-id=\"3b246371\" data-element_type=\"column\" data-e-type=\"column\">\n\t\t\t<div class=\"elementor-widget-wrap elementor-element-populated\">\n\t\t\t\t\t\t<div class=\"elementor-element elementor-element-1d253737 elementor-widget elementor-widget-heading\" data-id=\"1d253737\" data-element_type=\"widget\" data-e-type=\"widget\" data-widget_type=\"heading.default\">\n\t\t\t\t<div class=\"elementor-widget-container\">\n\t\t\t\t\t<h2 class=\"elementor-heading-title elementor-size-default\">Massagen und Sch\u00f6nheitsbehandlungen<\/h2>\t\t\t\t<\/div>\n\t\t\t\t<\/div>\n\t\t\t\t<div class=\"elementor-element elementor-element-617efc09 elementor-widget elementor-widget-heading\" data-id=\"617efc09\" data-element_type=\"widget\" data-e-type=\"widget\" data-widget_type=\"heading.default\">\n\t\t\t\t<div class=\"elementor-widget-container\">\n\t\t\t\t\t<p class=\"elementor-heading-title elementor-size-default\">Das Wellness-Center Intilia ist f\u00fcr Wellness- und Sch\u00f6nheitsbehandlungen ge\u00f6ffnet und bietet seinen G\u00e4sten Gesichts- und K\u00f6rperbehandlungen mit nat\u00fcrlichen Produkten, die f\u00fcr Ihr Wohlbefinden und das der Natur geeignet sind. Unsere Sch\u00f6nheitstherapeuten stehen Ihnen zur Verf\u00fcgung, um Massagen nach Ihren Bed\u00fcrfnissen in einer Atmosph\u00e4re der Entspannung und des Wohlbefindens zu gestalten. Aromatherapie und Farbtherapie mit sanfter Hintergrundmusik tragen zum Komfort in unserer Lluvia-Kabine bei. Im Folgenden finden Sie einige der angebotenen Behandlungen<\/p>\t\t\t\t<\/div>\n\t\t\t\t<\/div>\n\t\t\t\t\t<\/div>\n\t\t<\/div>\n\t\t\t\t\t<\/div>\n\t\t<\/section>\n\t\t\t\t<\/div>\n\t\t","protected":false},"excerpt":{"rendered":"<p>Wellness Intilia Exklusives Wohlbefinden Verschenken Sie Wellness an andere und an sich selbst M\u00f6chten Sie einen Moment des absoluten Relax in Gesellschaft Ihres Partners oder Ihrer Freunde genie\u00dfen, bietet Intilia die einzigartige M\u00f6glichkeit, das vollst\u00e4ndige Wellness-Center ganz f\u00fcr Sie allein zu buchen. So k\u00f6nnen Sie alle Service-Leistungen, Sauna, t\u00fcrkisches Dampfbad, Erlebnis-Duschen, Hydromassage-Wanne, Eis-Wasserfall, Relax-Bereich und [&hellip;]<\/p>\n","protected":false},"author":1,"featured_media":0,"parent":242,"menu_order":0,"comment_status":"closed","ping_status":"closed","template":"","meta":{"footnotes":""},"class_list":["post-204","page","type-page","status-publish","hentry"],"_links":{"self":[{"href":"https:\/\/www.leopardi.vr.it\/de\/wp-json\/wp\/v2\/pages\/204","targetHints":{"allow":["GET"]}}],"collection":[{"href":"https:\/\/www.leopardi.vr.it\/de\/wp-json\/wp\/v2\/pages"}],"about":[{"href":"https:\/\/www.leopardi.vr.it\/de\/wp-json\/wp\/v2\/types\/page"}],"author":[{"embeddable":true,"href":"https:\/\/www.leopardi.vr.it\/de\/wp-json\/wp\/v2\/users\/1"}],"replies":[{"embeddable":true,"href":"https:\/\/www.leopardi.vr.it\/de\/wp-json\/wp\/v2\/comments?post=204"}],"version-history":[{"count":0,"href":"https:\/\/www.leopardi.vr.it\/de\/wp-json\/wp\/v2\/pages\/204\/revisions"}],"up":[{"embeddable":true,"href":"https:\/\/www.leopardi.vr.it\/de\/wp-json\/wp\/v2\/pages\/242"}],"wp:attachment":[{"href":"https:\/\/www.leopardi.vr.it\/de\/wp-json\/wp\/v2\/media?parent=204"}],"curies":[{"name":"wp","href":"https:\/\/api.w.org\/{rel}","templated":true}]}}